{"id":19800,"date":"2022-02-17T18:11:14","date_gmt":"2022-02-17T18:11:14","guid":{"rendered":"https:\/\/afalesc.com.br\/site\/?page_id=19800"},"modified":"2022-02-17T18:30:56","modified_gmt":"2022-02-17T18:30:56","slug":"c-o-m-u-n-i-c-a-d-o-reajuste-unimed-2022","status":"publish","type":"page","link":"https:\/\/afalesc.com.br\/site\/c-o-m-u-n-i-c-a-d-o-reajuste-unimed-2022\/","title":{"rendered":"C O M U N I C A D O &#8211; Reajuste Unimed\/2022"},"content":{"rendered":"<p>Florian\u00f3polis, 17 de fevereiro de 2022.<\/p>\n<p>&nbsp;<\/p>\n<p><strong><u>C O M U N I C A D O<\/u><\/strong><strong><u>\u00a0<\/u><\/strong><\/p>\n<p>&nbsp;<\/p>\n<p>Prezado(a)s Associado(a)s,<\/p>\n<p>&nbsp;<\/p>\n<p>Comunicamos que o contrato de Plano de Sa\u00fade coletivo por ades\u00e3o firmado entre a AFALESC e <strong>UNIMED<\/strong> Grande Florian\u00f3polis, foi prorrogado por mais 12 meses, com <strong>reajuste na ordem de 22,40%<\/strong>, cuja data base \u00e9 registrada no m\u00eas de janeiro.<\/p>\n<p>&nbsp;<\/p>\n<p>Esclarecemos que a diretoria da AFALESC n\u00e3o mediu esfor\u00e7os para minimizar o impacto deste reajuste excessivamente oneroso. Em 11\/11\/2021, recebemos correspond\u00eancia da UNIMED Grande Florian\u00f3polis, propondo um reajuste de <strong>72,79%<\/strong>, nos seguintes termos:<\/p>\n<p>&nbsp;<\/p>\n<p>Reajuste T\u00e9cnico: 47,92%<\/p>\n<p>\u00cdndice inflacion\u00e1rio: 24,87%<\/p>\n<p>RT + IF: 72,79%<\/p>\n<p>&nbsp;<\/p>\n<p>A Diretoria da AFALESC juntamente com sua assessoria jur\u00eddica, apresentaram uma resposta ponderando alguns pontos relevantes, como a proibi\u00e7\u00e3o do reajuste do sal\u00e1rio de servidores p\u00fablicos, por for\u00e7a da Lei Complementar n. 173\/2020; o \u00edndice pactuado (IGP-M), com reflexos muito superiores \u00e0 infla\u00e7\u00e3o do per\u00edodo, al\u00e9m de outros argumentos legais utilizados no intuito de reduzir ao m\u00e1ximo o reajuste.<\/p>\n<p>Contudo, a UNIMED Grande Florian\u00f3polis, reavaliou todas as pondera\u00e7\u00f5es e apresentou uma contraproposta no valor de <strong>58,17%<\/strong>, conforme abaixo:<\/p>\n<p>&nbsp;<\/p>\n<p>Reajuste T\u00e9cnico: 47,50%.<\/p>\n<p>\u00cdndice inflacion\u00e1rio: 10,67%<\/p>\n<p>RT + IF: 58,17%.<\/p>\n<p>&nbsp;<\/p>\n<p>Inconformada com a situa\u00e7\u00e3o, a diretoria reuniu-se em tr\u00eas oportunidades com os representantes da UNIMED Grande Florian\u00f3polis, na tentativa de impedir o reajuste exagerado, mas, ainda assim, a UNIMED prop\u00f4s um aumento de <strong>41,34%<\/strong>.<\/p>\n<p>Assim, ap\u00f3s todas as tentativas da AFALESC, a UNIMED Grande Florian\u00f3polis, flexibilizou o reajuste em tr\u00eas situa\u00e7\u00f5es:<\/p>\n<p>&nbsp;<\/p>\n<ul>\n<li>Aumentou a sinistralidade meta do contrato para 80%;<\/li>\n<li>Alterou o \u00edndice inflacion\u00e1rio de IGPM para INPC;<\/li>\n<li>Desconsiderou todo o custo assistencial gerados pelo 1\u00ba, 2\u00ba e 3\u00ba benefici\u00e1rios do ranking de utiliza\u00e7\u00e3o, que se internaram para se submeter a tratamentos relacionados ao COVID-19.<\/li>\n<\/ul>\n<p>&nbsp;<\/p>\n<p>Neste contexto, ainda assim, a diretoria da AFALESC n\u00e3o aceitou o percentual proposto pela UNIMED Grande Florian\u00f3polis, que, por sua vez, aplicou o aumento de <strong>22,40%<\/strong> por for\u00e7a contratual.<\/p>\n<p>&nbsp;<\/p>\n<p>Informamos, ainda, que de acordo com o contrato de Plano de Sa\u00fade Coletivo \u2013 UNIFLEX c\u00f3d. 0029 firmado entre a AFALESC e a Unimed Grande Florian\u00f3polis, o c\u00e1lculo do \u00edndice de reajuste das mensalidades ocorre todos os anos no m\u00eas de janeiro. Em virtude de a AFALESC e a Unimed Grande Florian\u00f3polis terem finalizado as negocia\u00e7\u00f5es para redu\u00e7\u00e3o do percentual de reajuste do contrato somente no m\u00eas de fevereiro do corrente ano, n\u00e3o foi poss\u00edvel reajustar o valor das mensalidades em janeiro\/2022.<\/p>\n<p>&nbsp;<\/p>\n<p><strong>Assim sendo, o reajuste de 22,40% ser\u00e1 cobrado retroativamente ao m\u00eas de janeiro de 2022 (m\u00eas do anivers\u00e1rio do plano Unimed). As mensalidades descontadas a partir da folha de fevereiro\/22 j\u00e1 ter\u00e3o o reajuste e a diferen\u00e7a de janeiro\/22 ser\u00e1 cobrada em 3 (tr\u00eas) vezes tamb\u00e9m a partir da folha de fevereiro\/22.<\/strong><\/p>\n<p>&nbsp;<\/p>\n<p>Ante todo o exposto, a AFALESC, visando a manuten\u00e7\u00e3o do conv\u00eanio m\u00e9dico de qualidade, resguardar a sa\u00fade dos associados e seus familiares, informa que est\u00e1 empenhada em buscar solu\u00e7\u00f5es mais ben\u00e9ficas aos seus associados.<\/p>\n<p>Para maiores informa\u00e7\u00f5es e esclarecimentos, entrar em contato com a Associa\u00e7\u00e3o atrav\u00e9s dos telefones (48) 3221-2528\/99167-6635 (whatsapp) ou e-mail: <a href=\"mailto:afalesc@gmail.com\">afalesc@gmail.com<\/a>.<\/p>\n<p>&nbsp;<\/p>\n<p>Atenciosamente,<\/p>\n<p>&nbsp;<\/p>\n<p><strong>Valter Euclides Damasco<\/strong><\/p>\n<p>Presidente da AFALESC<\/p>\n","protected":false},"excerpt":{"rendered":"<p>Florian\u00f3polis, 17 de fevereiro de 2022. &nbsp; C O M U N I C A D O\u00a0 &nbsp; Prezado(a)s Associado(a)s, &nbsp; Comunicamos que o contrato de Plano de Sa\u00fade coletivo por ades\u00e3o firmado entre a AFALESC e UNIMED Grande Florian\u00f3polis, foi prorrogado por mais 12&#8230;<\/p>\n","protected":false},"author":2,"featured_media":0,"parent":0,"menu_order":0,"comment_status":"closed","ping_status":"closed","template":"","meta":{"footnotes":""},"class_list":["post-19800","page","type-page","status-publish","hentry"],"_links":{"self":[{"href":"https:\/\/afalesc.com.br\/site\/wp-json\/wp\/v2\/pages\/19800","targetHints":{"allow":["GET"]}}],"collection":[{"href":"https:\/\/afalesc.com.br\/site\/wp-json\/wp\/v2\/pages"}],"about":[{"href":"https:\/\/afalesc.com.br\/site\/wp-json\/wp\/v2\/types\/page"}],"author":[{"embeddable":true,"href":"https:\/\/afalesc.com.br\/site\/wp-json\/wp\/v2\/users\/2"}],"replies":[{"embeddable":true,"href":"https:\/\/afalesc.com.br\/site\/wp-json\/wp\/v2\/comments?post=19800"}],"version-history":[{"count":6,"href":"https:\/\/afalesc.com.br\/site\/wp-json\/wp\/v2\/pages\/19800\/revisions"}],"predecessor-version":[{"id":19812,"href":"https:\/\/afalesc.com.br\/site\/wp-json\/wp\/v2\/pages\/19800\/revisions\/19812"}],"wp:attachment":[{"href":"https:\/\/afalesc.com.br\/site\/wp-json\/wp\/v2\/media?parent=19800"}],"curies":[{"name":"wp","href":"https:\/\/api.w.org\/{rel}","templated":true}]}}