{"id":19792,"date":"2022-02-14T12:30:09","date_gmt":"2022-02-14T12:30:09","guid":{"rendered":"https:\/\/afalesc.com.br\/site\/?page_id=19792"},"modified":"2022-02-14T12:36:10","modified_gmt":"2022-02-14T12:36:10","slug":"c-o-m-u-n-i-c-a-d-o-imposto-de-renda","status":"publish","type":"page","link":"https:\/\/afalesc.com.br\/site\/c-o-m-u-n-i-c-a-d-o-imposto-de-renda\/","title":{"rendered":"C O M U N I C A D O \u2013 Imposto de Renda"},"content":{"rendered":"<p>Florian\u00f3polis, 14 de Fevereiro 2022.<\/p>\n<p>Prezado(a) Associado(a),<\/p>\n<p>Informamos aos associados que possuem\u00a0<strong>plano de sa\u00fade UNIMED\/AFALESC<\/strong> que o extrato para efeito de Imposto de Renda, referente ao <strong>Exerc\u00edcio 2021<\/strong>, para a <strong>Declara\u00e7\u00e3o de Imposto de Renda 2022<\/strong> j\u00e1 est\u00e1 dispon\u00edvel para impress\u00e3o na Secretaria da AFALESC, Av. Mauro Ramos, 300 \u2013 t\u00e9rreo \u2013 Unidade Administrativa da ALESC \u2013 Centro \u2013 Florian\u00f3polis e tamb\u00e9m no portal \u201c<strong>ESPA\u00c7O DO ASSOCIADO &#8211; Extrato IR\u201d<\/strong> no site\u00a0\u00a0www.afalesc .com.br, acesso via usu\u00e1rio e senha. O usu\u00e1rio ser\u00e1 sempre a matr\u00edcula do associado e senha a que foi cadastrada em acessos anteriores ou preenchimento de senha atual, via link de cadastro de senha.<\/p>\n<p>&nbsp;<\/p>\n<p>Mais informa\u00e7\u00f5es, ou no caso de n\u00e3o lembrar a senha, entrar em contato com a Associa\u00e7\u00e3o atrav\u00e9s dos telefones (48) 3221-2528 \/ e-mail:\u00a0<a href=\"mailto:afalesc@gmail.com\">afalesc@gmail.com<\/a>\u00a0\/ watts: 99167-6635.<\/p>\n<p>&nbsp;<\/p>\n<p>Nosso hor\u00e1rio de funcionamento: segunda a sexta-feira das 07h00min \u00e0s 18h00min.<\/p>\n<p>&nbsp;<\/p>\n<p>Atenciosamente,<\/p>\n<p><strong>Valter Euclides Damasco<\/strong><strong><br \/>\n<\/strong>Presidente<\/p>\n","protected":false},"excerpt":{"rendered":"<p>Florian\u00f3polis, 14 de Fevereiro 2022. Prezado(a) Associado(a), Informamos aos associados que possuem\u00a0plano de sa\u00fade UNIMED\/AFALESC que o extrato para efeito de Imposto de Renda, referente ao Exerc\u00edcio 2021, para a Declara\u00e7\u00e3o de Imposto de Renda 2022 j\u00e1 est\u00e1 dispon\u00edvel para impress\u00e3o na Secretaria da AFALESC,&#8230;<\/p>\n","protected":false},"author":2,"featured_media":0,"parent":0,"menu_order":0,"comment_status":"closed","ping_status":"closed","template":"","meta":{"footnotes":""},"class_list":["post-19792","page","type-page","status-publish","hentry"],"_links":{"self":[{"href":"https:\/\/afalesc.com.br\/site\/wp-json\/wp\/v2\/pages\/19792","targetHints":{"allow":["GET"]}}],"collection":[{"href":"https:\/\/afalesc.com.br\/site\/wp-json\/wp\/v2\/pages"}],"about":[{"href":"https:\/\/afalesc.com.br\/site\/wp-json\/wp\/v2\/types\/page"}],"author":[{"embeddable":true,"href":"https:\/\/afalesc.com.br\/site\/wp-json\/wp\/v2\/users\/2"}],"replies":[{"embeddable":true,"href":"https:\/\/afalesc.com.br\/site\/wp-json\/wp\/v2\/comments?post=19792"}],"version-history":[{"count":1,"href":"https:\/\/afalesc.com.br\/site\/wp-json\/wp\/v2\/pages\/19792\/revisions"}],"predecessor-version":[{"id":19793,"href":"https:\/\/afalesc.com.br\/site\/wp-json\/wp\/v2\/pages\/19792\/revisions\/19793"}],"wp:attachment":[{"href":"https:\/\/afalesc.com.br\/site\/wp-json\/wp\/v2\/media?parent=19792"}],"curies":[{"name":"wp","href":"https:\/\/api.w.org\/{rel}","templated":true}]}}