{"id":15610,"date":"2021-07-05T01:08:20","date_gmt":"2021-07-05T01:08:20","guid":{"rendered":"http:\/\/afalesc.com.br\/site\/?page_id=15610"},"modified":"2025-01-16T18:02:46","modified_gmt":"2025-01-16T18:02:46","slug":"associe-se","status":"publish","type":"page","link":"https:\/\/afalesc.com.br\/site\/associe-se\/","title":{"rendered":"ASSOCIE-SE"},"content":{"rendered":"<p>[vc_row css_animation=&#8221;&#8221; row_type=&#8221;row&#8221; use_row_as_full_screen_section=&#8221;no&#8221; type=&#8221;grid&#8221; angled_section=&#8221;no&#8221; text_align=&#8221;left&#8221; background_image_as_pattern=&#8221;without_pattern&#8221; css=&#8221;.vc_custom_1626440963598{padding-bottom: 50px !important;background-color: #ededed !important;}&#8221; z_index=&#8221;&#8221;][vc_column width=&#8221;1\/3&#8243;][vc_column_text]<img loading=\"lazy\" decoding=\"async\" class=\"wp-image-15786 aligncenter\" src=\"http:\/\/afalesc.com.br\/site\/wp-content\/uploads\/2021\/07\/icone-300x290.png\" alt=\"\" width=\"200\" height=\"194\" srcset=\"https:\/\/afalesc.com.br\/site\/wp-content\/uploads\/2021\/07\/icone-300x290.png 300w, https:\/\/afalesc.com.br\/site\/wp-content\/uploads\/2021\/07\/icone.png 432w\" sizes=\"auto, (max-width: 200px) 100vw, 200px\" \/>[\/vc_column_text][\/vc_column][vc_column width=&#8221;2\/3&#8243;][vc_empty_space][vc_column_text]<\/p>\n<h4>Com os nossos cordiais cumprimentos, queremos dar as boas vindas a voc\u00ea que j\u00e1 \u00e9 Funcion\u00e1rio da ALESC ou esta acabando de Entrar nesta Casa Legislativa. N\u00f3s oferecemos a voc\u00ea Servi\u00e7os Diversos, Eventos Esportivos e Festivos bem como Conv\u00eanios Diversos.<\/h4>\n<p>&nbsp;<\/p>\n<h4>Trabalhando sempre em defesa dos Seus Interesses Junto a ALESC.<\/h4>\n<p>[\/vc_column_text][\/vc_column][\/vc_row][vc_row css_animation=&#8221;&#8221; row_type=&#8221;row&#8221; use_row_as_full_screen_section=&#8221;no&#8221; type=&#8221;grid&#8221; angled_section=&#8221;no&#8221; text_align=&#8221;left&#8221; background_image_as_pattern=&#8221;without_pattern&#8221; z_index=&#8221;&#8221; css=&#8221;.vc_custom_1626440982543{padding-top: 50px !important;}&#8221;][vc_column width=&#8221;1\/2&#8243;][vc_column_text]<\/p>\n<h3 style=\"text-align: left;\">CONV\u00caNIOS<\/h3>\n<p>[\/vc_column_text][vc_empty_space height=&#8221;22px&#8221;][vc_column_text]<\/p>\n<h5>Planos de Sa\u00fade UNIMED, farm\u00e1cias, Planos e Cl\u00ednicas Odontol\u00f3gicos, escolas, Faculdades e Cursos Diversos, \u00d3ticas e Relojoaria, Floriculturas, Restaurantes e Lanchonetes, Bancos, Cooperativas de Credito e Seguros de Vida, etc.<\/h5>\n<p>[\/vc_column_text][vc_empty_space height=&#8221;22px&#8221;][vc_column_text]<\/p>\n<h5>Somos conveniados a institui\u00e7\u00f5es financeiras para a realiza\u00e7\u00e3o de empr\u00e9stimos pessoais consignados via Margem cedida pela Folha da ALESC: Banco Santander, Sicoob-Credisc e Banco Unicred.<\/h5>\n<p>[\/vc_column_text][vc_empty_space height=&#8221;22px&#8221;]<a  itemprop=\"url\" href=\"http:\/\/afalesc.com.br\/site\/convenios\/\" target=\"_self\"  class=\"qbutton  default\" style=\"\">VER TODOS OS CONV\u00caNIOS<\/a>[vc_empty_space height=&#8221;22px&#8221;]<a  itemprop=\"url\" href=\"http:\/\/afalesc.com.br\/site\/plano-uniflex-unimed-afalesc\/\" target=\"_self\"  class=\"qbutton  default\" style=\"\">TABELA DE PRE\u00c7OS UNIMED UNIFLEX 2025<\/a>[vc_empty_space height=&#8221;22px&#8221;][vc_column_text]AFALESC atrav\u00e9s de conv\u00eanio com a ALESC tamb\u00e9m oferece aos Associados o Auxilio Sa\u00fade, reembolso concedido aos todos os servidores, conforme tabela abaixo:[\/vc_column_text][vc_empty_space height=&#8221;22px&#8221;]<div class=\"qode-advanced-pricing-list\">\n\t<div class=\"qode-apl-header\">\n\t\t<div class=\"qode-apl-title-holder\">\n\t\t\t<h3 class=\"qode-apl-title\" >\n\t\t\t\tTABELA DE CONCESS\u00c3O DO AUX\u00cdLIO SA\u00daDE\t\t\t<\/h3>\n\t\t<\/div>\n\t<\/div>\n\t<div class=\"qode-apl-items\">\n\t\t\t\t\t<div class=\"qode-apl-item\">\n\t\t\t\t<div class=\"qode-apl-item-top\">\n\t\t\t\t\t<h5 class=\"qode-apl-item-title\" >\n\t\t\t\t\t\tAt\u00e9 49 ANOS\t\t\t\t\t<\/h5>\n\t\t\t\t\t<div class=\"qode-apl-line\" style=\"border-style:solid\"><\/div>\n\t\t\t\t\t<h5 class=\"qode-apl-item-price\" >\n\t\t\t\t\t\tAt\u00e9 R$ 1.416,00\t\t\t\t\t<\/h5>\n\t\t\t\t<\/div>\n\t\t\t\t\t\t\t<\/div>\n\t\t\t\t\t<div class=\"qode-apl-item\">\n\t\t\t\t<div class=\"qode-apl-item-top\">\n\t\t\t\t\t<h5 class=\"qode-apl-item-title\" >\n\t\t\t\t\t\tDe 50 a 59 Anos\t\t\t\t\t<\/h5>\n\t\t\t\t\t<div class=\"qode-apl-line\" style=\"border-style:solid\"><\/div>\n\t\t\t\t\t<h5 class=\"qode-apl-item-price\" >\n\t\t\t\t\t\tAt\u00e9 R$ 2.160,00\t\t\t\t\t<\/h5>\n\t\t\t\t<\/div>\n\t\t\t\t\t\t\t<\/div>\n\t\t\t\t\t<div class=\"qode-apl-item\">\n\t\t\t\t<div class=\"qode-apl-item-top\">\n\t\t\t\t\t<h5 class=\"qode-apl-item-title\" >\n\t\t\t\t\t\t60 Anos ou Mais\t\t\t\t\t<\/h5>\n\t\t\t\t\t<div class=\"qode-apl-line\" style=\"border-style:solid\"><\/div>\n\t\t\t\t\t<h5 class=\"qode-apl-item-price\" >\n\t\t\t\t\t\tAt\u00e9 R$ 3.480,00\t\t\t\t\t<\/h5>\n\t\t\t\t<\/div>\n\t\t\t\t\t\t\t<\/div>\n\t\t\t<\/div>\n<\/div>[vc_empty_space height=&#8221;22px&#8221;][\/vc_column][vc_column width=&#8221;1\/2&#8243;][vc_column_text]<\/p>\n<h3 style=\"text-align: left;\">ASSOCIE-SE<\/h3>\n<p>[\/vc_column_text][vc_column_text]<\/p>\n<h4 style=\"text-align: left;\">Documentos Necess\u00e1rios<\/h4>\n<p>[\/vc_column_text][vc_column_text]<\/p>\n<h5>Os documentos (c\u00f3pias) necess\u00e1rios para o funcion\u00e1rio se associar \u00e0 AFALESC s\u00e3o: ficha cadastral devidamente preenchida, RG, CPF, contracheque atual e comprovante de resid\u00eancia atual.<\/h5>\n<p>[\/vc_column_text][vc_empty_space height=&#8221;22px&#8221;]<a  itemprop=\"url\" href=\"http:\/\/afalesc.com.br\/site\/cadastro-de-associados\/\" target=\"_self\"  class=\"qbutton  default\" style=\"\">ENVIAR FICHA CADASTRAL ONLINE<\/a>[vc_empty_space height=&#8221;42px&#8221;][vc_column_text]<\/p>\n<h3 style=\"text-align: left;\">NOSSOS CONTATOS<\/h3>\n<p>[\/vc_column_text][vc_empty_space height=&#8221;22px&#8221;][vc_column_text]<\/p>\n<h5>Fone: (48) 3221-2528 \u2013 3221-3290 sala Presid\u00eancia<br \/>\nWattsapp:\u00a048-9-9167-6635<br \/>\nEmail:\u00a0afalesc@gmail.com<br \/>\nFacebook: pagina afalesc.com.br<br \/>\nInstagram: afalesc.com.br<\/h5>\n<p>[\/vc_column_text][vc_empty_space height=&#8221;42px&#8221;][vc_column_text]<\/p>\n<h3 style=\"text-align: left;\">LOCALIZA\u00c7\u00c3O<\/h3>\n<p>[\/vc_column_text][vc_empty_space height=&#8221;22px&#8221;][vc_column_text]<\/p>\n<h5>Avenida Mauro Ramos, 300 Centro &#8211; Florian\u00f3polis &#8211; S.C. &#8211;\u00a0 Unidade Administrativa da ALESC &#8211; Edif\u00edcio Everest, T\u00e9rreo, sala P-03 &#8211; CEP: 88020-302<\/h5>\n<p>[\/vc_column_text][\/vc_column][\/vc_row]<\/p>\n","protected":false},"excerpt":{"rendered":"<p>[vc_row css_animation=&#8221;&#8221; row_type=&#8221;row&#8221; use_row_as_full_screen_section=&#8221;no&#8221; type=&#8221;grid&#8221; angled_section=&#8221;no&#8221; text_align=&#8221;left&#8221; background_image_as_pattern=&#8221;without_pattern&#8221; css=&#8221;.vc_custom_1626440963598{padding-bottom: 50px !important;background-color: #ededed !important;}&#8221; z_index=&#8221;&#8221;][vc_column width=&#8221;1\/3&#8243;][vc_column_text][\/vc_column_text][\/vc_column][vc_column width=&#8221;2\/3&#8243;][vc_empty_space][vc_column_text] Com os nossos cordiais cumprimentos, queremos dar as boas vindas a voc\u00ea que j\u00e1 \u00e9 Funcion\u00e1rio da ALESC ou esta acabando de Entrar nesta Casa Legislativa. N\u00f3s oferecemos a&#8230;<\/p>\n","protected":false},"author":1,"featured_media":0,"parent":0,"menu_order":0,"comment_status":"closed","ping_status":"closed","template":"full_width.php","meta":{"footnotes":""},"class_list":["post-15610","page","type-page","status-publish","hentry"],"_links":{"self":[{"href":"https:\/\/afalesc.com.br\/site\/wp-json\/wp\/v2\/pages\/15610","targetHints":{"allow":["GET"]}}],"collection":[{"href":"https:\/\/afalesc.com.br\/site\/wp-json\/wp\/v2\/pages"}],"about":[{"href":"https:\/\/afalesc.com.br\/site\/wp-json\/wp\/v2\/types\/page"}],"author":[{"embeddable":true,"href":"https:\/\/afalesc.com.br\/site\/wp-json\/wp\/v2\/users\/1"}],"replies":[{"embeddable":true,"href":"https:\/\/afalesc.com.br\/site\/wp-json\/wp\/v2\/comments?post=15610"}],"version-history":[{"count":49,"href":"https:\/\/afalesc.com.br\/site\/wp-json\/wp\/v2\/pages\/15610\/revisions"}],"predecessor-version":[{"id":27095,"href":"https:\/\/afalesc.com.br\/site\/wp-json\/wp\/v2\/pages\/15610\/revisions\/27095"}],"wp:attachment":[{"href":"https:\/\/afalesc.com.br\/site\/wp-json\/wp\/v2\/media?parent=15610"}],"curies":[{"name":"wp","href":"https:\/\/api.w.org\/{rel}","templated":true}]}}